{"id":5426,"date":"2023-12-22T11:30:03","date_gmt":"2023-12-22T10:30:03","guid":{"rendered":"https:\/\/sensory-futures.com\/?page_id=5426"},"modified":"2024-01-04T13:06:26","modified_gmt":"2024-01-04T12:06:26","slug":"impressum","status":"publish","type":"page","link":"https:\/\/isi-insights.com\/en\/impressum\/","title":{"rendered":"Imprint"},"content":{"rendered":"<div data-elementor-type=\"wp-page\" data-elementor-id=\"5426\" class=\"elementor elementor-5426\" data-elementor-settings=\"{&quot;ha_cmc_init_switcher&quot;:&quot;no&quot;}\" data-elementor-post-type=\"page\">\n\t\t\t\t<div class=\"elementor-element elementor-element-1b3647eb e-flex e-con-boxed e-con e-parent\" data-id=\"1b3647eb\" data-element_type=\"container\" data-e-type=\"container\" data-settings=\"{&quot;background_background&quot;:&quot;classic&quot;,&quot;_ha_eqh_enable&quot;:false}\">\n\t\t\t\t\t<div class=\"e-con-inner\">\n\t\t\t\t<div class=\"elementor-element elementor-element-544a10e3 elementor-widget elementor-widget-text-editor\" data-id=\"544a10e3\" data-element_type=\"widget\" data-e-type=\"widget\" data-widget_type=\"text-editor.default\">\n\t\t\t\t<div class=\"elementor-widget-container\">\n\t\t\t\t\t\t\t\t\t<p><\/p>\n<h1 class=\"wp-block-heading\">Imprint<\/h1>\n<p>Institut f\u00fcr Sensorikforschung und Innovationsberatung GmbH<\/p>\n<p>Ascherberg 2<br>DE-37124 Rosdorf \/ G\u00f6ttingen\nGermany<br>Telephone: +49 551 499 74 0<br>Telefax: +49 551 499 74 20<br>Email:&nbsp;<a href=\"mailto:mail@isi-insights.com\" rel=\"noopener\">mail@isi-insights.com<\/a><\/p>\n<p>Authorized managing directors: Joachim Haag, Robert M\u00f6slein<\/p>\n<p>Court of registration: Amtsgericht G\u00f6ttingen<br>Registration number: HRB 2623<br>VAT identification number according to \u00a7 27 a German sales tax law (Umsatzsteuergesetz): DE 186404739<\/p>\n<p>Liability note: In spite of careful control we do not take over liability for contents of external links. The operating agencies are exclusively responsible for the content of linked sites.<\/p>\n<p><\/p>\n<p><b>Web design &amp; programming<\/b><\/p>\n<h4><b>Nebenraum<\/b><\/h4>\n<p>Agentur f\u00fcr Innovation &amp; Kommunikation<br><span style=\"color: var( --e-global-color-primary ); text-align: var(--text-align);\"><br>Friedrichstra\u00dfe 3-4<br><\/span><span style=\"color: var( --e-global-color-primary ); text-align: var(--text-align);\">37073 G\u00f6ttingen<\/span><\/p>\n<p><span style=\"color: var( --e-global-color-primary ); text-align: var(--text-align);\">mail: hallo@nebenraum.io<br><a href=\"https:\/\/www.nebenraum.io\/\" target=\"_blank\" rel=\"noopener\">nebenraum.io<\/a><\/span><\/p>\n<p><\/p>\t\t\t\t\t\t\t\t<\/div>\n\t\t\t\t<\/div>\n\t\t\t\t\t<\/div>\n\t\t\t\t<\/div>\n\t\t\t\t<\/div>","protected":false},"excerpt":{"rendered":"<p>Impressum Institut f\u00fcr Sensorikforschung und Innovationsberatung GmbH Ascherberg 237124 Rosdorf \/ G\u00f6ttingenTelefon: +49 551 499 74 0Telefax: +49 551 499 74 20Email:&nbsp;mail@isi-insights.com Vertretungsberechtigte&nbsp;Gesch\u00e4ftsf\u00fchrer: Joachim Haag, Robert M\u00f6slein Registergericht: Amtsgericht G\u00f6ttingenRegisternummer: HRB 2623Umsatzsteuer-Identifikationsnummer gem\u00e4\u00df \u00a7 27 a Umsatzsteuergesetz: DE 186404739 Haftungshinweis: Trotz sorgf\u00e4ltiger inhaltlicher Kontrolle \u00fcbernehmen wir keine Haftung f\u00fcr die Inhalte externer Links. F\u00fcr den [&hellip;]<\/p>","protected":false},"author":1,"featured_media":0,"parent":0,"menu_order":0,"comment_status":"closed","ping_status":"closed","template":"elementor_header_footer","meta":{"_acf_changed":false,"content-type":"","footnotes":""},"class_list":["post-5426","page","type-page","status-publish","hentry"],"acf":[],"aioseo_notices":[],"_links":{"self":[{"href":"https:\/\/isi-insights.com\/en\/wp-json\/wp\/v2\/pages\/5426","targetHints":{"allow":["GET"]}}],"collection":[{"href":"https:\/\/isi-insights.com\/en\/wp-json\/wp\/v2\/pages"}],"about":[{"href":"https:\/\/isi-insights.com\/en\/wp-json\/wp\/v2\/types\/page"}],"author":[{"embeddable":true,"href":"https:\/\/isi-insights.com\/en\/wp-json\/wp\/v2\/users\/1"}],"replies":[{"embeddable":true,"href":"https:\/\/isi-insights.com\/en\/wp-json\/wp\/v2\/comments?post=5426"}],"version-history":[{"count":19,"href":"https:\/\/isi-insights.com\/en\/wp-json\/wp\/v2\/pages\/5426\/revisions"}],"predecessor-version":[{"id":5976,"href":"https:\/\/isi-insights.com\/en\/wp-json\/wp\/v2\/pages\/5426\/revisions\/5976"}],"wp:attachment":[{"href":"https:\/\/isi-insights.com\/en\/wp-json\/wp\/v2\/media?parent=5426"}],"curies":[{"name":"wp","href":"https:\/\/api.w.org\/{rel}","templated":true}]}}